{"id":134,"date":"2018-12-19T13:12:33","date_gmt":"2018-12-19T13:12:33","guid":{"rendered":"http:\/\/emptybowls.de\/?page_id=134"},"modified":"2018-12-20T12:33:40","modified_gmt":"2018-12-20T12:33:40","slug":"impressum-kalkspatz-e-v","status":"publish","type":"page","link":"http:\/\/emptybowls.de\/?page_id=134","title":{"rendered":"Impressum"},"content":{"rendered":"\n<p>Verantwortlich f\u00fcr den Inhalt dieser Webseite ist&nbsp; der kalkspatz e.V.\n , eingetragener gemeinn\u00fctziger Verein zur F\u00f6rderung von Kultur, Bildung\n und Sozialem in der Arbeit mit Ton. Eingetragen ins Vereinregister \nSchwerin unter VR 6334.<br><\/p>\n\n\n\n<p>Gesch\u00e4ftsstelle: G\u00fcnter Haltmayer, Luckower Weg 13, 17194 Vollrathsruhe, kalkspatz@gmx.de<\/p>\n\n\n\n<p>Vorstand: Vorsitzende ist Grit Uhlemann, Stellvertreterin Claudia R\u00fcckert<\/p>\n\n\n\n<p><br><\/p>\n","protected":false},"excerpt":{"rendered":"<p>Verantwortlich f\u00fcr den Inhalt dieser Webseite ist&nbsp; der kalkspatz e.V. , eingetragener gemeinn\u00fctziger Verein zur F\u00f6rderung von Kultur, Bildung und Sozialem in der Arbeit mit Ton. Eingetragen ins Vereinregister Schwerin unter VR 6334. Gesch\u00e4ftsstelle: G\u00fcnter Haltmayer, Luckower Weg 13, 17194 Vollrathsruhe, kalkspatz@gmx.de Vorstand: Vorsitzende ist Grit Uhlemann, Stellvertreterin Claudia R\u00fcckert<\/p>\n","protected":false},"author":1,"featured_media":9,"parent":0,"menu_order":0,"comment_status":"closed","ping_status":"closed","template":"","meta":{"footnotes":""},"class_list":["post-134","page","type-page","status-publish","has-post-thumbnail","hentry"],"_links":{"self":[{"href":"http:\/\/emptybowls.de\/index.php?rest_route=\/wp\/v2\/pages\/134","targetHints":{"allow":["GET"]}}],"collection":[{"href":"http:\/\/emptybowls.de\/index.php?rest_route=\/wp\/v2\/pages"}],"about":[{"href":"http:\/\/emptybowls.de\/index.php?rest_route=\/wp\/v2\/types\/page"}],"author":[{"embeddable":true,"href":"http:\/\/emptybowls.de\/index.php?rest_route=\/wp\/v2\/users\/1"}],"replies":[{"embeddable":true,"href":"http:\/\/emptybowls.de\/index.php?rest_route=%2Fwp%2Fv2%2Fcomments&post=134"}],"version-history":[{"count":2,"href":"http:\/\/emptybowls.de\/index.php?rest_route=\/wp\/v2\/pages\/134\/revisions"}],"predecessor-version":[{"id":166,"href":"http:\/\/emptybowls.de\/index.php?rest_route=\/wp\/v2\/pages\/134\/revisions\/166"}],"wp:featuredmedia":[{"embeddable":true,"href":"http:\/\/emptybowls.de\/index.php?rest_route=\/wp\/v2\/media\/9"}],"wp:attachment":[{"href":"http:\/\/emptybowls.de\/index.php?rest_route=%2Fwp%2Fv2%2Fmedia&parent=134"}],"curies":[{"name":"wp","href":"https:\/\/api.w.org\/{rel}","templated":true}]}}